{"id":3184,"date":"2024-10-19T12:31:15","date_gmt":"2024-10-19T12:31:15","guid":{"rendered":"https:\/\/www.specialeffectteam.com\/?page_id=3184"},"modified":"2024-10-20T19:59:50","modified_gmt":"2024-10-20T19:59:50","slug":"biz-about-us","status":"publish","type":"page","link":"http:\/\/www.specialeffectteam.com\/index.php\/biz-about-us\/","title":{"rendered":"HAKKIMIZDA\/About Us"},"content":{"rendered":"<div>\n<p><strong>Tan\u0131m,\u00a0<\/strong>SPECIAL EFFECT TEAM, Yap\u0131m (Sinema \u2013 TV \u2013 Video Clip)sekt\u00f6r\u00fcn\u00fcn her t\u00fcrl\u00fc \u00f6zel (Special) Efekt ihtiyac\u0131n\u0131 t\u00fcm tasar\u0131m, uygulama ve lojistik a\u015famalar\u0131yla kar\u015f\u0131layarak komple \u00e7\u00f6z\u00fcmler sunan bir \u00f6zel efekt \u015firketidir.<\/p>\n<p><strong>Ama\u00e7;\u00a0<\/strong>\u0130lgili sekt\u00f6rlerin gerek yap\u0131m altyap\u0131s\u0131 gerekse \u00f6zel efekt deste\u011fini maximum seviyeye \u00e7\u0131kararak t\u00fcm g\u00f6rsel sanatlar\u0131n geli\u015fmesine katk\u0131da bulunmakt\u0131r. T\u00fcm bunlar\u0131 sa\u011flarken ilgili birimlerinde \u00f6nemli giri\u015fim ve yat\u0131r\u0131mlar\u0131 yaparak sekt\u00f6rel anlamda da \u00f6nc\u00fc olmay\u0131 ama\u00e7lamaktad\u0131r.<\/p>\n<\/div>\n<div><\/div>\n<div><strong>Kapsam;\u00a0<\/strong>SPECIAL EFFECT TEAM, \u00f6ncelikle sekt\u00f6rde yap\u0131mc\u0131 ki\u015fi kurum ve kurulu\u015flar\u0131n Sinema, TV, Prod\u00fcksiyon, Post Prod\u00fcksiyon ve Video Clip \u00e7\u00f6z\u00fcmlerine profesyonel Set ve \u00d6zel efekt deste\u011fi sa\u011flamak, ikinci olarak di\u011fer sekt\u00f6rlerin (Tan\u0131t\u0131m, Reklam, Organizasyon) her t\u00fcrl\u00fc sahne ve sahne gerisi alt yap\u0131, tasar\u0131m uygulama ve \u00f6zel efekt s\u00fcre\u00e7lerinin deste\u011fini kapsamaktad\u0131r.<\/div>\n<div><\/div>\n<div><strong>Vizyon;\u00a0<\/strong>SPECIAL EFFECT TEAM, T\u00fcm g\u00f6rsel ve Sahne Sanatlar\u0131nda \u00d6ZEL EFEKT alan\u0131nda gerek ulusal gerekse uluslararas\u0131 platformda rekabet edebilmeyi vizyon edinmi\u015f ve bu vizyonunu profesyonel olu\u015fumuyla geli\u015ftirmek ve sekt\u00f6rel etkile\u015fim projeleriyle yaymay\u0131 hedeflemi\u015ftir.<\/div>\n<div><\/div>\n<div><strong>Misyon;\u00a0<\/strong>SPECIAL EFFECT TEAM, di\u011fer firmalar\u0131n \u00fcretim ve hizmet yap\u0131lar\u0131n\u0131n aksine SEKT\u00d6R\u00dcN geli\u015fmesi ve ulusal platformda sosyal sorumluluk bilinciyle hareket ederek evrensel, sanatsal ticari ve ekonomik de\u011ferler yaratarak \u00f6nc\u00fc olmay\u0131 kurumsal misyon edinmi\u015ftir.<\/div>\n","protected":false},"excerpt":{"rendered":"<p>Tan\u0131m,\u00a0SPECIAL EFFECT TEAM, Yap\u0131m (Sinema \u2013 TV \u2013 Video Clip)sekt\u00f6r\u00fcn\u00fcn her t\u00fcrl\u00fc \u00f6zel (Special) Efekt ihtiyac\u0131n\u0131 t\u00fcm tasar\u0131m, uygulama ve lojistik a\u015famalar\u0131yla kar\u015f\u0131layarak komple \u00e7\u00f6z\u00fcmler sunan bir \u00f6zel efekt \u015firketidir. Ama\u00e7;\u00a0\u0130lgili sekt\u00f6rlerin gerek yap\u0131m altyap\u0131s\u0131 gerekse \u00f6zel efekt deste\u011fini maximum seviyeye \u00e7\u0131kararak t\u00fcm g\u00f6rsel sanatlar\u0131n geli\u015fmesine katk\u0131da bulunmakt\u0131r. T\u00fcm bunlar\u0131 sa\u011flarken ilgili birimlerinde \u00f6nemli giri\u015fim&hellip; <a href=\"http:\/\/www.specialeffectteam.com\/index.php\/biz-about-us\/\">Okumaya devam et <span class=\"screen-reader-text\">HAKKIMIZDA\/About Us<\/span><\/a><\/p>\n","protected":false},"author":1,"featured_media":0,"parent":0,"menu_order":0,"comment_status":"closed","ping_status":"closed","template":"","meta":{"footnotes":""},"class_list":["post-3184","page","type-page","status-publish","hentry","clearfix"],"_links":{"self":[{"href":"http:\/\/www.specialeffectteam.com\/index.php\/wp-json\/wp\/v2\/pages\/3184","targetHints":{"allow":["GET"]}}],"collection":[{"href":"http:\/\/www.specialeffectteam.com\/index.php\/wp-json\/wp\/v2\/pages"}],"about":[{"href":"http:\/\/www.specialeffectteam.com\/index.php\/wp-json\/wp\/v2\/types\/page"}],"author":[{"embeddable":true,"href":"http:\/\/www.specialeffectteam.com\/index.php\/wp-json\/wp\/v2\/users\/1"}],"replies":[{"embeddable":true,"href":"http:\/\/www.specialeffectteam.com\/index.php\/wp-json\/wp\/v2\/comments?post=3184"}],"version-history":[{"count":3,"href":"http:\/\/www.specialeffectteam.com\/index.php\/wp-json\/wp\/v2\/pages\/3184\/revisions"}],"predecessor-version":[{"id":3340,"href":"http:\/\/www.specialeffectteam.com\/index.php\/wp-json\/wp\/v2\/pages\/3184\/revisions\/3340"}],"wp:attachment":[{"href":"http:\/\/www.specialeffectteam.com\/index.php\/wp-json\/wp\/v2\/media?parent=3184"}],"curies":[{"name":"wp","href":"https:\/\/api.w.org\/{rel}","templated":true}]}}